{"id":69,"date":"2024-10-27T00:39:18","date_gmt":"2024-10-26T22:39:18","guid":{"rendered":"http:\/\/wordpress2382822.home.pl\/autoinstalator\/wordpressplus2\/?page_id=69"},"modified":"2024-10-27T22:14:46","modified_gmt":"2024-10-27T21:14:46","slug":"kontakt","status":"publish","type":"page","link":"http:\/\/in-sure.pl\/index.php\/kontakt\/","title":{"rendered":"Kontakt"},"content":{"rendered":"\t\t<div data-elementor-type=\"wp-page\" data-elementor-id=\"69\" class=\"elementor elementor-69\">\n\t\t\t\t<div class=\"elementor-element elementor-element-5a66e87 e-con-full e-flex e-con e-parent\" data-id=\"5a66e87\" data-element_type=\"container\">\n\t\t<div class=\"elementor-element elementor-element-05bc6e2 e-con-full e-flex e-con e-child\" data-id=\"05bc6e2\" data-element_type=\"container\" data-settings=\"{&quot;background_background&quot;:&quot;classic&quot;}\">\n\t\t\t\t<div class=\"elementor-element elementor-element-d6b34d1 elementor-widget elementor-widget-heading\" data-id=\"d6b34d1\" data-element_type=\"widget\" data-widget_type=\"heading.default\">\n\t\t\t\t<div class=\"elementor-widget-container\">\n\t\t\t<h2 class=\"elementor-heading-title elementor-size-default\">Jak mo\u017cemy Ci pom\u00f3c?<\/h2>\t\t<\/div>\n\t\t\t\t<\/div>\n\t\t\t\t<div class=\"elementor-element elementor-element-88e59c5 elementor-widget elementor-widget-text-editor\" data-id=\"88e59c5\" data-element_type=\"widget\" data-widget_type=\"text-editor.default\">\n\t\t\t\t<div class=\"elementor-widget-container\">\n\t\t\t\t\t\t\t<p>Masz pytania dotycz\u0105ce ubezpiecze\u0144? Potrzebujesz porady?<br \/><strong>S\u0142u\u017cymy pomoc\u0105!<\/strong><\/p><p>kontakt@in-sure.pl<br \/>531 522 006<\/p>\t\t\t\t\t\t<\/div>\n\t\t\t\t<\/div>\n\t\t\t\t<\/div>\n\t\t<div class=\"elementor-element elementor-element-a77662b e-flex e-con-boxed e-con e-child\" data-id=\"a77662b\" data-element_type=\"container\">\n\t\t\t\t\t<div class=\"e-con-inner\">\n\t\t\t\t\t<\/div>\n\t\t\t\t<\/div>\n\t\t\t\t<\/div>\n\t\t\t\t<\/div>\n\t\t","protected":false},"excerpt":{"rendered":"<p>Jak mo\u017cemy Ci pom\u00f3c? Masz pytania dotycz\u0105ce ubezpiecze\u0144? Potrzebujesz porady?S\u0142u\u017cymy pomoc\u0105! kontakt@in-sure.pl531 522 006 Aby wype\u0142ni\u0107 ten formularz, w\u0142\u0105cz obs\u0142ug\u0119 JavaScript w przegl\u0105darce.Aby wype\u0142ni\u0107 ten formularz, w\u0142\u0105cz obs\u0142ug\u0119 JavaScript w przegl\u0105darce. Imi\u0119 i nazwisko * Imi\u0119Nazwisko Adres e-mail *Numer telefonu *Preferowana forma kontaktu *Rozmowa telefonicznaE-mailW czym mo\u017cemy Ci pom\u00f3c? * Prze\u015blij<\/p>\n","protected":false},"author":1,"featured_media":0,"parent":0,"menu_order":0,"comment_status":"closed","ping_status":"closed","template":"elementor_header_footer","meta":{"footnotes":""},"class_list":["post-69","page","type-page","status-publish","hentry"],"aioseo_notices":[],"_links":{"self":[{"href":"http:\/\/in-sure.pl\/index.php\/wp-json\/wp\/v2\/pages\/69","targetHints":{"allow":["GET"]}}],"collection":[{"href":"http:\/\/in-sure.pl\/index.php\/wp-json\/wp\/v2\/pages"}],"about":[{"href":"http:\/\/in-sure.pl\/index.php\/wp-json\/wp\/v2\/types\/page"}],"author":[{"embeddable":true,"href":"http:\/\/in-sure.pl\/index.php\/wp-json\/wp\/v2\/users\/1"}],"replies":[{"embeddable":true,"href":"http:\/\/in-sure.pl\/index.php\/wp-json\/wp\/v2\/comments?post=69"}],"version-history":[{"count":7,"href":"http:\/\/in-sure.pl\/index.php\/wp-json\/wp\/v2\/pages\/69\/revisions"}],"predecessor-version":[{"id":162,"href":"http:\/\/in-sure.pl\/index.php\/wp-json\/wp\/v2\/pages\/69\/revisions\/162"}],"wp:attachment":[{"href":"http:\/\/in-sure.pl\/index.php\/wp-json\/wp\/v2\/media?parent=69"}],"curies":[{"name":"wp","href":"https:\/\/api.w.org\/{rel}","templated":true}]}}